{"id":1119,"date":"2020-08-28T12:41:58","date_gmt":"2020-08-28T12:41:58","guid":{"rendered":"https:\/\/luisabergholz.com\/?page_id=1119"},"modified":"2023-08-18T11:54:26","modified_gmt":"2023-08-18T09:54:26","slug":"selbstneuerfinderin-warteliste-danke","status":"publish","type":"page","link":"https:\/\/luisabergholz.com\/en\/selbstneuerfinderin-warteliste-danke","title":{"rendered":"Warteliste-Best\u00e4tigung"},"content":{"rendered":"<div data-elementor-type=\"wp-page\" data-elementor-id=\"1119\" class=\"elementor elementor-1119\" data-elementor-post-type=\"page\">\n\t\t\t\t\t\t<section class=\"elementor-section elementor-inner-section elementor-element elementor-element-24df01b3 elementor-section-content-middle elementor-section-boxed elementor-section-height-default elementor-section-height-default\" data-id=\"24df01b3\" data-element_type=\"section\">\n\t\t\t\t\t\t<div class=\"elementor-container elementor-column-gap-no\">\n\t\t\t\t\t<div class=\"elementor-column elementor-col-50 elementor-inner-column elementor-element elementor-element-5da52887\" data-id=\"5da52887\" data-element_type=\"column\" data-settings=\"{&quot;background_background&quot;:&quot;classic&quot;}\">\n\t\t\t<div class=\"elementor-widget-wrap elementor-element-populated\">\n\t\t\t\t\t\t<div class=\"elementor-element elementor-element-1f4908c8 elementor-widget elementor-widget-heading\" data-id=\"1f4908c8\" data-element_type=\"widget\" data-widget_type=\"heading.default\">\n\t\t\t\t<div class=\"elementor-widget-container\">\n\t\t\t\t\t<h3 class=\"elementor-heading-title elementor-size-large\">Du bist auf der WARTELISTE!<\/h3>\t\t\t\t<\/div>\n\t\t\t\t<\/div>\n\t\t\t\t<div class=\"elementor-element elementor-element-9481826 elementor-widget-divider--view-line elementor-widget elementor-widget-divider\" data-id=\"9481826\" data-element_type=\"widget\" data-widget_type=\"divider.default\">\n\t\t\t\t<div class=\"elementor-widget-container\">\n\t\t\t\t\t\t\t<div class=\"elementor-divider\">\n\t\t\t<span class=\"elementor-divider-separator\">\n\t\t\t\t\t\t<\/span>\n\t\t<\/div>\n\t\t\t\t\t\t<\/div>\n\t\t\t\t<\/div>\n\t\t\t\t<div class=\"elementor-element elementor-element-54de7e60 elementor-widget elementor-widget-text-editor\" data-id=\"54de7e60\" data-element_type=\"widget\" data-widget_type=\"text-editor.default\">\n\t\t\t\t<div class=\"elementor-widget-container\">\n\t\t\t\t\t\t\t\t\t<p><span class=\"TextRun SCXO110603816 BCX4\" lang=\"DE-DE\" xml:lang=\"DE-DE\" data-contrast=\"auto\"><span class=\"NormalTextRun SCXO110603816 BCX4\">Du hast Dich erfolgreich in die Warteliste f\u00fcr das Programm SELBSTNEUERFINDERIN eingetragen und erh\u00e4ltst damit als Erste neue Infos rund um das Programm sowie exklusive Boni. <br \/><\/span><\/span><\/p><p>Du wei\u00dft schon, dass Du unbedingt dabei sein magst, und hast keine Lust l\u00e4nger zu warten?<\/p><p>Dann lass uns jetzt sprechen!\u00a0<\/p>\t\t\t\t\t\t\t\t<\/div>\n\t\t\t\t<\/div>\n\t\t\t\t<div class=\"elementor-element elementor-element-4278f02 elementor-align-center elementor-widget elementor-widget-button\" data-id=\"4278f02\" data-element_type=\"widget\" data-widget_type=\"button.default\">\n\t\t\t\t<div class=\"elementor-widget-container\">\n\t\t\t\t\t\t\t\t\t<div class=\"elementor-button-wrapper\">\n\t\t\t\t\t<a class=\"elementor-button elementor-button-link elementor-size-md\" href=\"https:\/\/calendly.com\/luisabergholz\/beratungsgesprach-selbstneuerfinderin\" target=\"_blank\" 0=\"\">\n\t\t\t\t\t\t<span class=\"elementor-button-content-wrapper\">\n\t\t\t\t\t\t\t\t\t<span class=\"elementor-button-text\">GESPR\u00c4CH BUCHEN<\/span>\n\t\t\t\t\t<\/span>\n\t\t\t\t\t<\/a>\n\t\t\t\t<\/div>\n\t\t\t\t\t\t\t\t<\/div>\n\t\t\t\t<\/div>\n\t\t\t\t\t<\/div>\n\t\t<\/div>\n\t\t\t\t<div class=\"elementor-column elementor-col-50 elementor-inner-column elementor-element elementor-element-5e326918\" data-id=\"5e326918\" data-element_type=\"column\" data-settings=\"{&quot;background_background&quot;:&quot;classic&quot;}\">\n\t\t\t<div class=\"elementor-widget-wrap elementor-element-populated\">\n\t\t\t\t\t\t<div class=\"elementor-element elementor-element-30b1c03b elementor-widget elementor-widget-spacer\" data-id=\"30b1c03b\" data-element_type=\"widget\" data-widget_type=\"spacer.default\">\n\t\t\t\t<div class=\"elementor-widget-container\">\n\t\t\t\t\t\t\t<div class=\"elementor-spacer\">\n\t\t\t<div class=\"elementor-spacer-inner\"><\/div>\n\t\t<\/div>\n\t\t\t\t\t\t<\/div>\n\t\t\t\t<\/div>\n\t\t\t\t\t<\/div>\n\t\t<\/div>\n\t\t\t\t\t<\/div>\n\t\t<\/section>\n\t\t\t\t<\/div>","protected":false},"excerpt":{"rendered":"<p>Du bist auf der WARTELISTE! Du hast Dich erfolgreich in die Warteliste f\u00fcr das Programm SELBSTNEUERFINDERIN eingetragen und erh\u00e4ltst damit als Erste neue Infos rund um das Programm sowie exklusive Boni. Du wei\u00dft schon, dass Du unbedingt dabei sein magst, und hast keine Lust l\u00e4nger zu warten? Dann lass uns jetzt sprechen!\u00a0 GESPR\u00c4CH BUCHEN<\/p>","protected":false},"author":2,"featured_media":0,"parent":0,"menu_order":0,"comment_status":"closed","ping_status":"closed","template":"","meta":{"site-sidebar-layout":"no-sidebar","site-content-layout":"page-builder","ast-site-content-layout":"","site-content-style":"default","site-sidebar-style":"default","ast-global-header-display":"","ast-banner-title-visibility":"","ast-main-header-display":"","ast-hfb-above-header-display":"","ast-hfb-below-header-display":"","ast-hfb-mobile-header-display":"","site-post-title":"disabled","ast-breadcrumbs-content":"","ast-featured-img":"disabled","footer-sml-layout":"","theme-transparent-header-meta":"default","adv-header-id-meta":"","stick-header-meta":"","header-above-stick-meta":"","header-main-stick-meta":"","header-below-stick-meta":"","astra-migrate-meta-layouts":"default","ast-page-background-enabled":"default","ast-page-background-meta":{"desktop":{"background-color":"","background-image":"","background-repeat":"repeat","background-position":"center center","background-size":"auto","background-attachment":"scroll","background-type":"","background-media":"","overlay-type":"","overlay-color":"","overlay-opacity":"","overlay-gradient":""},"tablet":{"background-color":"","background-image":"","background-repeat":"repeat","background-position":"center center","background-size":"auto","background-attachment":"scroll","background-type":"","background-media":"","overlay-type":"","overlay-color":"","overlay-opacity":"","overlay-gradient":""},"mobile":{"background-color":"","background-image":"","background-repeat":"repeat","background-position":"center center","background-size":"auto","background-attachment":"scroll","background-type":"","background-media":"","overlay-type":"","overlay-color":"","overlay-opacity":"","overlay-gradient":""}},"ast-content-background-meta":{"desktop":{"background-color":"var(--ast-global-color-5)","background-image":"","background-repeat":"repeat","background-position":"center center","background-size":"auto","background-attachment":"scroll","background-type":"","background-media":"","overlay-type":"","overlay-color":"","overlay-opacity":"","overlay-gradient":""},"tablet":{"background-color":"var(--ast-global-color-5)","background-image":"","background-repeat":"repeat","background-position":"center center","background-size":"auto","background-attachment":"scroll","background-type":"","background-media":"","overlay-type":"","overlay-color":"","overlay-opacity":"","overlay-gradient":""},"mobile":{"background-color":"var(--ast-global-color-5)","background-image":"","background-repeat":"repeat","background-position":"center center","background-size":"auto","background-attachment":"scroll","background-type":"","background-media":"","overlay-type":"","overlay-color":"","overlay-opacity":"","overlay-gradient":""}},"footnotes":""},"class_list":["post-1119","page","type-page","status-publish","hentry"],"yoast_head":"<!-- This site is optimized with the Yoast SEO plugin v24.9 - https:\/\/yoast.com\/wordpress\/plugins\/seo\/ -->\n<title>Warteliste-Best\u00e4tigung - Was willst Du wirklich, wirklich?<\/title>\n<meta name=\"robots\" content=\"index, nofollow, max-snippet:-1, max-image-preview:large, max-video-preview:-1\" \/>\n<link rel=\"canonical\" href=\"https:\/\/luisabergholz.com\/en\/selbstneuerfinderin-warteliste-danke\/\" \/>\n<meta property=\"og:locale\" content=\"en_GB\" \/>\n<meta property=\"og:type\" content=\"article\" \/>\n<meta property=\"og:title\" content=\"Warteliste-Best\u00e4tigung - Was willst Du wirklich, wirklich?\" \/>\n<meta property=\"og:description\" content=\"Du bist auf der WARTELISTE! Du hast Dich erfolgreich in die Warteliste f\u00fcr das Programm SELBSTNEUERFINDERIN eingetragen und erh\u00e4ltst damit als Erste neue Infos rund um das Programm sowie exklusive Boni. Du wei\u00dft schon, dass Du unbedingt dabei sein magst, und hast keine Lust l\u00e4nger zu warten? Dann lass uns jetzt sprechen!\u00a0 GESPR\u00c4CH BUCHEN\" \/>\n<meta property=\"og:url\" content=\"https:\/\/luisabergholz.com\/en\/selbstneuerfinderin-warteliste-danke\/\" \/>\n<meta property=\"og:site_name\" content=\"Was willst Du wirklich, wirklich?\" \/>\n<meta property=\"article:modified_time\" content=\"2023-08-18T09:54:26+00:00\" \/>\n<meta name=\"twitter:card\" content=\"summary_large_image\" \/>\n<meta name=\"twitter:label1\" content=\"Estimated reading time\" \/>\n\t<meta name=\"twitter:data1\" content=\"1 minute\" \/>\n<script type=\"application\/ld+json\" class=\"yoast-schema-graph\">{\"@context\":\"https:\/\/schema.org\",\"@graph\":[{\"@type\":\"WebPage\",\"@id\":\"https:\/\/luisabergholz.com\/selbstneuerfinderin-warteliste-danke\",\"url\":\"https:\/\/luisabergholz.com\/selbstneuerfinderin-warteliste-danke\",\"name\":\"Warteliste-Best\u00e4tigung - Was willst Du wirklich, wirklich?\",\"isPartOf\":{\"@id\":\"https:\/\/luisabergholz.com\/#website\"},\"datePublished\":\"2020-08-28T12:41:58+00:00\",\"dateModified\":\"2023-08-18T09:54:26+00:00\",\"breadcrumb\":{\"@id\":\"https:\/\/luisabergholz.com\/selbstneuerfinderin-warteliste-danke#breadcrumb\"},\"inLanguage\":\"en-GB\",\"potentialAction\":[{\"@type\":\"ReadAction\",\"target\":[\"https:\/\/luisabergholz.com\/selbstneuerfinderin-warteliste-danke\"]}]},{\"@type\":\"BreadcrumbList\",\"@id\":\"https:\/\/luisabergholz.com\/selbstneuerfinderin-warteliste-danke#breadcrumb\",\"itemListElement\":[{\"@type\":\"ListItem\",\"position\":1,\"name\":\"Startseite\",\"item\":\"https:\/\/luisabergholz.com\/\"},{\"@type\":\"ListItem\",\"position\":2,\"name\":\"Warteliste-Best\u00e4tigung\"}]},{\"@type\":\"WebSite\",\"@id\":\"https:\/\/luisabergholz.com\/#website\",\"url\":\"https:\/\/luisabergholz.com\/\",\"name\":\"Was willst Du wirklich, wirklich?\",\"description\":\"Life &amp; Business Coaching | Neues Arbeiten\",\"publisher\":{\"@id\":\"https:\/\/luisabergholz.com\/#organization\"},\"potentialAction\":[{\"@type\":\"SearchAction\",\"target\":{\"@type\":\"EntryPoint\",\"urlTemplate\":\"https:\/\/luisabergholz.com\/?s={search_term_string}\"},\"query-input\":{\"@type\":\"PropertyValueSpecification\",\"valueRequired\":true,\"valueName\":\"search_term_string\"}}],\"inLanguage\":\"en-GB\"},{\"@type\":\"Organization\",\"@id\":\"https:\/\/luisabergholz.com\/#organization\",\"name\":\"Was willst Du wirklich, wirklich?\",\"url\":\"https:\/\/luisabergholz.com\/\",\"logo\":{\"@type\":\"ImageObject\",\"inLanguage\":\"en-GB\",\"@id\":\"https:\/\/luisabergholz.com\/#\/schema\/logo\/image\/\",\"url\":\"https:\/\/luisabergholz.com\/wp-content\/uploads\/2020\/05\/Logo_final_web.png\",\"contentUrl\":\"https:\/\/luisabergholz.com\/wp-content\/uploads\/2020\/05\/Logo_final_web.png\",\"width\":500,\"height\":472,\"caption\":\"Was willst Du wirklich, wirklich?\"},\"image\":{\"@id\":\"https:\/\/luisabergholz.com\/#\/schema\/logo\/image\/\"}}]}<\/script>\n<!-- \/ Yoast SEO plugin. -->","yoast_head_json":{"title":"Warteliste-Best\u00e4tigung - Was willst Du wirklich, wirklich?","robots":{"index":"index","follow":"nofollow","max-snippet":"max-snippet:-1","max-image-preview":"max-image-preview:large","max-video-preview":"max-video-preview:-1"},"canonical":"https:\/\/luisabergholz.com\/en\/selbstneuerfinderin-warteliste-danke\/","og_locale":"en_GB","og_type":"article","og_title":"Warteliste-Best\u00e4tigung - Was willst Du wirklich, wirklich?","og_description":"Du bist auf der WARTELISTE! Du hast Dich erfolgreich in die Warteliste f\u00fcr das Programm SELBSTNEUERFINDERIN eingetragen und erh\u00e4ltst damit als Erste neue Infos rund um das Programm sowie exklusive Boni. Du wei\u00dft schon, dass Du unbedingt dabei sein magst, und hast keine Lust l\u00e4nger zu warten? Dann lass uns jetzt sprechen!\u00a0 GESPR\u00c4CH BUCHEN","og_url":"https:\/\/luisabergholz.com\/en\/selbstneuerfinderin-warteliste-danke\/","og_site_name":"Was willst Du wirklich, wirklich?","article_modified_time":"2023-08-18T09:54:26+00:00","twitter_card":"summary_large_image","twitter_misc":{"Estimated reading time":"1 minute"},"schema":{"@context":"https:\/\/schema.org","@graph":[{"@type":"WebPage","@id":"https:\/\/luisabergholz.com\/selbstneuerfinderin-warteliste-danke","url":"https:\/\/luisabergholz.com\/selbstneuerfinderin-warteliste-danke","name":"Warteliste-Best\u00e4tigung - Was willst Du wirklich, wirklich?","isPartOf":{"@id":"https:\/\/luisabergholz.com\/#website"},"datePublished":"2020-08-28T12:41:58+00:00","dateModified":"2023-08-18T09:54:26+00:00","breadcrumb":{"@id":"https:\/\/luisabergholz.com\/selbstneuerfinderin-warteliste-danke#breadcrumb"},"inLanguage":"en-GB","potentialAction":[{"@type":"ReadAction","target":["https:\/\/luisabergholz.com\/selbstneuerfinderin-warteliste-danke"]}]},{"@type":"BreadcrumbList","@id":"https:\/\/luisabergholz.com\/selbstneuerfinderin-warteliste-danke#breadcrumb","itemListElement":[{"@type":"ListItem","position":1,"name":"Startseite","item":"https:\/\/luisabergholz.com\/"},{"@type":"ListItem","position":2,"name":"Warteliste-Best\u00e4tigung"}]},{"@type":"WebSite","@id":"https:\/\/luisabergholz.com\/#website","url":"https:\/\/luisabergholz.com\/","name":"Was willst Du wirklich, wirklich?","description":"Life &amp; Business Coaching | Neues Arbeiten","publisher":{"@id":"https:\/\/luisabergholz.com\/#organization"},"potentialAction":[{"@type":"SearchAction","target":{"@type":"EntryPoint","urlTemplate":"https:\/\/luisabergholz.com\/?s={search_term_string}"},"query-input":{"@type":"PropertyValueSpecification","valueRequired":true,"valueName":"search_term_string"}}],"inLanguage":"en-GB"},{"@type":"Organization","@id":"https:\/\/luisabergholz.com\/#organization","name":"Was willst Du wirklich, wirklich?","url":"https:\/\/luisabergholz.com\/","logo":{"@type":"ImageObject","inLanguage":"en-GB","@id":"https:\/\/luisabergholz.com\/#\/schema\/logo\/image\/","url":"https:\/\/luisabergholz.com\/wp-content\/uploads\/2020\/05\/Logo_final_web.png","contentUrl":"https:\/\/luisabergholz.com\/wp-content\/uploads\/2020\/05\/Logo_final_web.png","width":500,"height":472,"caption":"Was willst Du wirklich, wirklich?"},"image":{"@id":"https:\/\/luisabergholz.com\/#\/schema\/logo\/image\/"}}]}},"_links":{"self":[{"href":"https:\/\/luisabergholz.com\/en\/wp-json\/wp\/v2\/pages\/1119","targetHints":{"allow":["GET"]}}],"collection":[{"href":"https:\/\/luisabergholz.com\/en\/wp-json\/wp\/v2\/pages"}],"about":[{"href":"https:\/\/luisabergholz.com\/en\/wp-json\/wp\/v2\/types\/page"}],"author":[{"embeddable":true,"href":"https:\/\/luisabergholz.com\/en\/wp-json\/wp\/v2\/users\/2"}],"replies":[{"embeddable":true,"href":"https:\/\/luisabergholz.com\/en\/wp-json\/wp\/v2\/comments?post=1119"}],"version-history":[{"count":32,"href":"https:\/\/luisabergholz.com\/en\/wp-json\/wp\/v2\/pages\/1119\/revisions"}],"predecessor-version":[{"id":7094,"href":"https:\/\/luisabergholz.com\/en\/wp-json\/wp\/v2\/pages\/1119\/revisions\/7094"}],"wp:attachment":[{"href":"https:\/\/luisabergholz.com\/en\/wp-json\/wp\/v2\/media?parent=1119"}],"curies":[{"name":"wp","href":"https:\/\/api.w.org\/{rel}","templated":true}]}}