{"id":2645,"date":"2020-12-22T11:23:55","date_gmt":"2020-12-22T11:23:55","guid":{"rendered":"https:\/\/luisabergholz.com\/?page_id=2645"},"modified":"2021-01-28T20:19:45","modified_gmt":"2021-01-28T20:19:45","slug":"standortbestimmung-termin-bestaetigung","status":"publish","type":"page","link":"https:\/\/luisabergholz.com\/en\/standortbestimmung-termin-bestaetigung","title":{"rendered":"Standortbestimmung Terminbest\u00e4tigung"},"content":{"rendered":"<div data-elementor-type=\"wp-page\" data-elementor-id=\"2645\" class=\"elementor elementor-2645\" data-elementor-post-type=\"page\">\n\t\t\t\t\t\t<section class=\"elementor-section elementor-top-section elementor-element elementor-element-60fb1f15 elementor-section-boxed elementor-section-height-default elementor-section-height-default\" data-id=\"60fb1f15\" data-element_type=\"section\">\n\t\t\t\t\t\t<div class=\"elementor-container elementor-column-gap-default\">\n\t\t\t\t\t<div class=\"elementor-column elementor-col-100 elementor-top-column elementor-element elementor-element-35608901\" data-id=\"35608901\" data-element_type=\"column\">\n\t\t\t<div class=\"elementor-widget-wrap elementor-element-populated\">\n\t\t\t\t\t\t<div class=\"elementor-element elementor-element-7d0ac8d elementor-hidden-phone elementor-widget elementor-widget-heading\" data-id=\"7d0ac8d\" data-element_type=\"widget\" data-widget_type=\"heading.default\">\n\t\t\t\t<div class=\"elementor-widget-container\">\n\t\t\t\t\t<h2 class=\"elementor-heading-title elementor-size-default\"><b>VIELEN DANK<\/b> F\u00dcR DEINE <b>TERMINBUCHUNG!<\/b><\/h2>\t\t\t\t<\/div>\n\t\t\t\t<\/div>\n\t\t\t\t<div class=\"elementor-element elementor-element-487af4a9 elementor-hidden-desktop elementor-hidden-tablet elementor-widget elementor-widget-heading\" data-id=\"487af4a9\" data-element_type=\"widget\" data-widget_type=\"heading.default\">\n\t\t\t\t<div class=\"elementor-widget-container\">\n\t\t\t\t\t<h2 class=\"elementor-heading-title elementor-size-default\"><b>VIELEN DANK<\/b> F\u00dcR DEINE <b>TERMINBUCHUNG!<\/b><\/h2>\t\t\t\t<\/div>\n\t\t\t\t<\/div>\n\t\t\t\t\t<\/div>\n\t\t<\/div>\n\t\t\t\t\t<\/div>\n\t\t<\/section>\n\t\t\t\t<section class=\"elementor-section elementor-inner-section elementor-element elementor-element-6739bdec elementor-section-content-middle elementor-section-boxed elementor-section-height-default elementor-section-height-default\" data-id=\"6739bdec\" data-element_type=\"section\">\n\t\t\t\t\t\t<div class=\"elementor-container elementor-column-gap-no\">\n\t\t\t\t\t<div class=\"elementor-column elementor-col-50 elementor-inner-column elementor-element elementor-element-65b3a70c\" data-id=\"65b3a70c\" data-element_type=\"column\" data-settings=\"{&quot;background_background&quot;:&quot;classic&quot;}\">\n\t\t\t<div class=\"elementor-widget-wrap elementor-element-populated\">\n\t\t\t\t\t\t<div class=\"elementor-element elementor-element-22b3cce7 elementor-widget elementor-widget-heading\" data-id=\"22b3cce7\" data-element_type=\"widget\" data-widget_type=\"heading.default\">\n\t\t\t\t<div class=\"elementor-widget-container\">\n\t\t\t\t\t<h3 class=\"elementor-heading-title elementor-size-large\">Das hat super geklappt!<\/h3>\t\t\t\t<\/div>\n\t\t\t\t<\/div>\n\t\t\t\t<div class=\"elementor-element elementor-element-3af07819 elementor-widget-divider--view-line elementor-widget elementor-widget-divider\" data-id=\"3af07819\" data-element_type=\"widget\" data-widget_type=\"divider.default\">\n\t\t\t\t<div class=\"elementor-widget-container\">\n\t\t\t\t\t\t\t<div class=\"elementor-divider\">\n\t\t\t<span class=\"elementor-divider-separator\">\n\t\t\t\t\t\t<\/span>\n\t\t<\/div>\n\t\t\t\t\t\t<\/div>\n\t\t\t\t<\/div>\n\t\t\t\t<div class=\"elementor-element elementor-element-1f132e67 elementor-widget elementor-widget-text-editor\" data-id=\"1f132e67\" data-element_type=\"widget\" data-widget_type=\"text-editor.default\">\n\t\t\t\t<div class=\"elementor-widget-container\">\n\t\t\t\t\t\t\t\t\t<p>Du hast Dir Deinen Termin f\u00fcr Dein 1:1-Gespr\u00e4ch zur Standortbestimmung mit mir reserviert.<\/p><p>Ich freue mich auf das Gespr\u00e4ch mit Dir!\u00a0<\/p>\t\t\t\t\t\t\t\t<\/div>\n\t\t\t\t<\/div>\n\t\t\t\t\t<\/div>\n\t\t<\/div>\n\t\t\t\t<div class=\"elementor-column elementor-col-50 elementor-inner-column elementor-element elementor-element-26590cea\" data-id=\"26590cea\" data-element_type=\"column\" data-settings=\"{&quot;background_background&quot;:&quot;classic&quot;}\">\n\t\t\t<div class=\"elementor-widget-wrap elementor-element-populated\">\n\t\t\t\t\t\t<div class=\"elementor-element elementor-element-500a614d elementor-widget elementor-widget-spacer\" data-id=\"500a614d\" data-element_type=\"widget\" data-widget_type=\"spacer.default\">\n\t\t\t\t<div class=\"elementor-widget-container\">\n\t\t\t\t\t\t\t<div class=\"elementor-spacer\">\n\t\t\t<div class=\"elementor-spacer-inner\"><\/div>\n\t\t<\/div>\n\t\t\t\t\t\t<\/div>\n\t\t\t\t<\/div>\n\t\t\t\t\t<\/div>\n\t\t<\/div>\n\t\t\t\t\t<\/div>\n\t\t<\/section>\n\t\t\t\t<\/div>","protected":false},"excerpt":{"rendered":"<p>VIELEN DANK F\u00dcR DEINE TERMINBUCHUNG! VIELEN DANK F\u00dcR DEINE TERMINBUCHUNG! Das hat super geklappt! Du hast Dir Deinen Termin f\u00fcr Dein 1:1-Gespr\u00e4ch zur Standortbestimmung mit mir reserviert. Ich freue mich auf das Gespr\u00e4ch mit Dir!&nbsp;<\/p>","protected":false},"author":2,"featured_media":0,"parent":0,"menu_order":0,"comment_status":"closed","ping_status":"closed","template":"","meta":{"site-sidebar-layout":"no-sidebar","site-content-layout":"page-builder","ast-site-content-layout":"","site-content-style":"default","site-sidebar-style":"default","ast-global-header-display":"","ast-banner-title-visibility":"","ast-main-header-display":"","ast-hfb-above-header-display":"","ast-hfb-below-header-display":"","ast-hfb-mobile-header-display":"","site-post-title":"disabled","ast-breadcrumbs-content":"","ast-featured-img":"disabled","footer-sml-layout":"","theme-transparent-header-meta":"default","adv-header-id-meta":"","stick-header-meta":"","header-above-stick-meta":"","header-main-stick-meta":"","header-below-stick-meta":"","astra-migrate-meta-layouts":"default","ast-page-background-enabled":"default","ast-page-background-meta":{"desktop":{"background-color":"","background-image":"","background-repeat":"repeat","background-position":"center center","background-size":"auto","background-attachment":"scroll","background-type":"","background-media":"","overlay-type":"","overlay-color":"","overlay-opacity":"","overlay-gradient":""},"tablet":{"background-color":"","background-image":"","background-repeat":"repeat","background-position":"center center","background-size":"auto","background-attachment":"scroll","background-type":"","background-media":"","overlay-type":"","overlay-color":"","overlay-opacity":"","overlay-gradient":""},"mobile":{"background-color":"","background-image":"","background-repeat":"repeat","background-position":"center center","background-size":"auto","background-attachment":"scroll","background-type":"","background-media":"","overlay-type":"","overlay-color":"","overlay-opacity":"","overlay-gradient":""}},"ast-content-background-meta":{"desktop":{"background-color":"var(--ast-global-color-5)","background-image":"","background-repeat":"repeat","background-position":"center center","background-size":"auto","background-attachment":"scroll","background-type":"","background-media":"","overlay-type":"","overlay-color":"","overlay-opacity":"","overlay-gradient":""},"tablet":{"background-color":"var(--ast-global-color-5)","background-image":"","background-repeat":"repeat","background-position":"center center","background-size":"auto","background-attachment":"scroll","background-type":"","background-media":"","overlay-type":"","overlay-color":"","overlay-opacity":"","overlay-gradient":""},"mobile":{"background-color":"var(--ast-global-color-5)","background-image":"","background-repeat":"repeat","background-position":"center center","background-size":"auto","background-attachment":"scroll","background-type":"","background-media":"","overlay-type":"","overlay-color":"","overlay-opacity":"","overlay-gradient":""}},"footnotes":""},"class_list":["post-2645","page","type-page","status-publish","hentry"],"yoast_head":"<!-- This site is optimized with the Yoast SEO plugin v24.9 - https:\/\/yoast.com\/wordpress\/plugins\/seo\/ -->\n<title>Standortbestimmung Terminbest\u00e4tigung - Was willst Du wirklich, wirklich?<\/title>\n<meta name=\"robots\" content=\"index, nofollow, max-snippet:-1, max-image-preview:large, max-video-preview:-1\" \/>\n<link rel=\"canonical\" href=\"https:\/\/luisabergholz.com\/en\/standortbestimmung-termin-bestaetigung\/\" \/>\n<meta property=\"og:locale\" content=\"en_GB\" \/>\n<meta property=\"og:type\" content=\"article\" \/>\n<meta property=\"og:title\" content=\"Standortbestimmung Terminbest\u00e4tigung - Was willst Du wirklich, wirklich?\" \/>\n<meta property=\"og:description\" content=\"VIELEN DANK F\u00dcR DEINE TERMINBUCHUNG! VIELEN DANK F\u00dcR DEINE TERMINBUCHUNG! Das hat super geklappt! Du hast Dir Deinen Termin f\u00fcr Dein 1:1-Gespr\u00e4ch zur Standortbestimmung mit mir reserviert. Ich freue mich auf das Gespr\u00e4ch mit Dir!&nbsp;\" \/>\n<meta property=\"og:url\" content=\"https:\/\/luisabergholz.com\/en\/standortbestimmung-termin-bestaetigung\/\" \/>\n<meta property=\"og:site_name\" content=\"Was willst Du wirklich, wirklich?\" \/>\n<meta property=\"article:modified_time\" content=\"2021-01-28T20:19:45+00:00\" \/>\n<meta name=\"twitter:card\" content=\"summary_large_image\" \/>\n<script type=\"application\/ld+json\" class=\"yoast-schema-graph\">{\"@context\":\"https:\/\/schema.org\",\"@graph\":[{\"@type\":\"WebPage\",\"@id\":\"https:\/\/luisabergholz.com\/standortbestimmung-termin-bestaetigung\",\"url\":\"https:\/\/luisabergholz.com\/standortbestimmung-termin-bestaetigung\",\"name\":\"Standortbestimmung Terminbest\u00e4tigung - Was willst Du wirklich, wirklich?\",\"isPartOf\":{\"@id\":\"https:\/\/luisabergholz.com\/#website\"},\"datePublished\":\"2020-12-22T11:23:55+00:00\",\"dateModified\":\"2021-01-28T20:19:45+00:00\",\"breadcrumb\":{\"@id\":\"https:\/\/luisabergholz.com\/standortbestimmung-termin-bestaetigung#breadcrumb\"},\"inLanguage\":\"en-GB\",\"potentialAction\":[{\"@type\":\"ReadAction\",\"target\":[\"https:\/\/luisabergholz.com\/standortbestimmung-termin-bestaetigung\"]}]},{\"@type\":\"BreadcrumbList\",\"@id\":\"https:\/\/luisabergholz.com\/standortbestimmung-termin-bestaetigung#breadcrumb\",\"itemListElement\":[{\"@type\":\"ListItem\",\"position\":1,\"name\":\"Startseite\",\"item\":\"https:\/\/luisabergholz.com\/\"},{\"@type\":\"ListItem\",\"position\":2,\"name\":\"Standortbestimmung Terminbest\u00e4tigung\"}]},{\"@type\":\"WebSite\",\"@id\":\"https:\/\/luisabergholz.com\/#website\",\"url\":\"https:\/\/luisabergholz.com\/\",\"name\":\"Was willst Du wirklich, wirklich?\",\"description\":\"Life &amp; Business Coaching | Neues Arbeiten\",\"publisher\":{\"@id\":\"https:\/\/luisabergholz.com\/#organization\"},\"potentialAction\":[{\"@type\":\"SearchAction\",\"target\":{\"@type\":\"EntryPoint\",\"urlTemplate\":\"https:\/\/luisabergholz.com\/?s={search_term_string}\"},\"query-input\":{\"@type\":\"PropertyValueSpecification\",\"valueRequired\":true,\"valueName\":\"search_term_string\"}}],\"inLanguage\":\"en-GB\"},{\"@type\":\"Organization\",\"@id\":\"https:\/\/luisabergholz.com\/#organization\",\"name\":\"Was willst Du wirklich, wirklich?\",\"url\":\"https:\/\/luisabergholz.com\/\",\"logo\":{\"@type\":\"ImageObject\",\"inLanguage\":\"en-GB\",\"@id\":\"https:\/\/luisabergholz.com\/#\/schema\/logo\/image\/\",\"url\":\"https:\/\/luisabergholz.com\/wp-content\/uploads\/2020\/05\/Logo_final_web.png\",\"contentUrl\":\"https:\/\/luisabergholz.com\/wp-content\/uploads\/2020\/05\/Logo_final_web.png\",\"width\":500,\"height\":472,\"caption\":\"Was willst Du wirklich, wirklich?\"},\"image\":{\"@id\":\"https:\/\/luisabergholz.com\/#\/schema\/logo\/image\/\"}}]}<\/script>\n<!-- \/ Yoast SEO plugin. -->","yoast_head_json":{"title":"Standortbestimmung Terminbest\u00e4tigung - Was willst Du wirklich, wirklich?","robots":{"index":"index","follow":"nofollow","max-snippet":"max-snippet:-1","max-image-preview":"max-image-preview:large","max-video-preview":"max-video-preview:-1"},"canonical":"https:\/\/luisabergholz.com\/en\/standortbestimmung-termin-bestaetigung\/","og_locale":"en_GB","og_type":"article","og_title":"Standortbestimmung Terminbest\u00e4tigung - Was willst Du wirklich, wirklich?","og_description":"VIELEN DANK F\u00dcR DEINE TERMINBUCHUNG! VIELEN DANK F\u00dcR DEINE TERMINBUCHUNG! Das hat super geklappt! Du hast Dir Deinen Termin f\u00fcr Dein 1:1-Gespr\u00e4ch zur Standortbestimmung mit mir reserviert. Ich freue mich auf das Gespr\u00e4ch mit Dir!&nbsp;","og_url":"https:\/\/luisabergholz.com\/en\/standortbestimmung-termin-bestaetigung\/","og_site_name":"Was willst Du wirklich, wirklich?","article_modified_time":"2021-01-28T20:19:45+00:00","twitter_card":"summary_large_image","schema":{"@context":"https:\/\/schema.org","@graph":[{"@type":"WebPage","@id":"https:\/\/luisabergholz.com\/standortbestimmung-termin-bestaetigung","url":"https:\/\/luisabergholz.com\/standortbestimmung-termin-bestaetigung","name":"Standortbestimmung Terminbest\u00e4tigung - Was willst Du wirklich, wirklich?","isPartOf":{"@id":"https:\/\/luisabergholz.com\/#website"},"datePublished":"2020-12-22T11:23:55+00:00","dateModified":"2021-01-28T20:19:45+00:00","breadcrumb":{"@id":"https:\/\/luisabergholz.com\/standortbestimmung-termin-bestaetigung#breadcrumb"},"inLanguage":"en-GB","potentialAction":[{"@type":"ReadAction","target":["https:\/\/luisabergholz.com\/standortbestimmung-termin-bestaetigung"]}]},{"@type":"BreadcrumbList","@id":"https:\/\/luisabergholz.com\/standortbestimmung-termin-bestaetigung#breadcrumb","itemListElement":[{"@type":"ListItem","position":1,"name":"Startseite","item":"https:\/\/luisabergholz.com\/"},{"@type":"ListItem","position":2,"name":"Standortbestimmung Terminbest\u00e4tigung"}]},{"@type":"WebSite","@id":"https:\/\/luisabergholz.com\/#website","url":"https:\/\/luisabergholz.com\/","name":"Was willst Du wirklich, wirklich?","description":"Life &amp; Business Coaching | Neues Arbeiten","publisher":{"@id":"https:\/\/luisabergholz.com\/#organization"},"potentialAction":[{"@type":"SearchAction","target":{"@type":"EntryPoint","urlTemplate":"https:\/\/luisabergholz.com\/?s={search_term_string}"},"query-input":{"@type":"PropertyValueSpecification","valueRequired":true,"valueName":"search_term_string"}}],"inLanguage":"en-GB"},{"@type":"Organization","@id":"https:\/\/luisabergholz.com\/#organization","name":"Was willst Du wirklich, wirklich?","url":"https:\/\/luisabergholz.com\/","logo":{"@type":"ImageObject","inLanguage":"en-GB","@id":"https:\/\/luisabergholz.com\/#\/schema\/logo\/image\/","url":"https:\/\/luisabergholz.com\/wp-content\/uploads\/2020\/05\/Logo_final_web.png","contentUrl":"https:\/\/luisabergholz.com\/wp-content\/uploads\/2020\/05\/Logo_final_web.png","width":500,"height":472,"caption":"Was willst Du wirklich, wirklich?"},"image":{"@id":"https:\/\/luisabergholz.com\/#\/schema\/logo\/image\/"}}]}},"_links":{"self":[{"href":"https:\/\/luisabergholz.com\/en\/wp-json\/wp\/v2\/pages\/2645","targetHints":{"allow":["GET"]}}],"collection":[{"href":"https:\/\/luisabergholz.com\/en\/wp-json\/wp\/v2\/pages"}],"about":[{"href":"https:\/\/luisabergholz.com\/en\/wp-json\/wp\/v2\/types\/page"}],"author":[{"embeddable":true,"href":"https:\/\/luisabergholz.com\/en\/wp-json\/wp\/v2\/users\/2"}],"replies":[{"embeddable":true,"href":"https:\/\/luisabergholz.com\/en\/wp-json\/wp\/v2\/comments?post=2645"}],"version-history":[{"count":23,"href":"https:\/\/luisabergholz.com\/en\/wp-json\/wp\/v2\/pages\/2645\/revisions"}],"predecessor-version":[{"id":2804,"href":"https:\/\/luisabergholz.com\/en\/wp-json\/wp\/v2\/pages\/2645\/revisions\/2804"}],"wp:attachment":[{"href":"https:\/\/luisabergholz.com\/en\/wp-json\/wp\/v2\/media?parent=2645"}],"curies":[{"name":"wp","href":"https:\/\/api.w.org\/{rel}","templated":true}]}}