{"id":319,"date":"2020-06-04T11:59:57","date_gmt":"2020-06-04T11:59:57","guid":{"rendered":"http:\/\/luisabergholz.com\/?page_id=319"},"modified":"2022-07-15T14:52:50","modified_gmt":"2022-07-15T12:52:50","slug":"tools-fuer-dich","status":"publish","type":"page","link":"https:\/\/luisabergholz.com\/en\/tools-fuer-dich","title":{"rendered":"Tools for you"},"content":{"rendered":"<div data-elementor-type=\"wp-page\" data-elementor-id=\"319\" class=\"elementor elementor-319\" data-elementor-post-type=\"page\">\n\t\t\t\t\t\t<section class=\"elementor-section elementor-top-section elementor-element elementor-element-df45ee4 elementor-section-full_width elementor-section-height-default elementor-section-height-default\" data-id=\"df45ee4\" data-element_type=\"section\">\n\t\t\t\t\t\t<div class=\"elementor-container elementor-column-gap-default\">\n\t\t\t\t\t<div class=\"elementor-column elementor-col-50 elementor-top-column elementor-element elementor-element-363747e3\" data-id=\"363747e3\" data-element_type=\"column\">\n\t\t\t<div class=\"elementor-widget-wrap elementor-element-populated\">\n\t\t\t\t\t\t<div class=\"elementor-element elementor-element-4bed1f24 elementor-widget-divider--view-line_text elementor-widget-divider--element-align-right elementor-widget elementor-widget-divider\" data-id=\"4bed1f24\" data-element_type=\"widget\" data-widget_type=\"divider.default\">\n\t\t\t\t<div class=\"elementor-widget-container\">\n\t\t\t\t\t\t\t<div class=\"elementor-divider\">\n\t\t\t<span class=\"elementor-divider-separator\">\n\t\t\t\t\t\t\t<span class=\"elementor-divider__text elementor-divider__element\">\n\t\t\t\tTools <b>f\u00fcr dich<\/b>\t\t\t\t<\/span>\n\t\t\t\t\t\t<\/span>\n\t\t<\/div>\n\t\t\t\t\t\t<\/div>\n\t\t\t\t<\/div>\n\t\t\t\t\t<\/div>\n\t\t<\/div>\n\t\t\t\t<div class=\"elementor-column elementor-col-50 elementor-top-column elementor-element elementor-element-3f961d29\" data-id=\"3f961d29\" data-element_type=\"column\">\n\t\t\t<div class=\"elementor-widget-wrap elementor-element-populated\">\n\t\t\t\t\t\t<div class=\"elementor-element elementor-element-47414b7d elementor-align-right elementor-hidden-phone elementor-widget elementor-widget-button\" data-id=\"47414b7d\" data-element_type=\"widget\" data-widget_type=\"button.default\">\n\t\t\t\t<div class=\"elementor-widget-container\">\n\t\t\t\t\t\t\t\t\t<div class=\"elementor-button-wrapper\">\n\t\t\t\t\t<a class=\"elementor-button elementor-button-link elementor-size-sm\" href=\"#\">\n\t\t\t\t\t\t<span class=\"elementor-button-content-wrapper\">\n\t\t\t\t\t\t\t\t\t<span class=\"elementor-button-text\">Downloads<\/span>\n\t\t\t\t\t<\/span>\n\t\t\t\t\t<\/a>\n\t\t\t\t<\/div>\n\t\t\t\t\t\t\t\t<\/div>\n\t\t\t\t<\/div>\n\t\t\t\t\t<\/div>\n\t\t<\/div>\n\t\t\t\t\t<\/div>\n\t\t<\/section>\n\t\t\t\t<section class=\"elementor-section elementor-top-section elementor-element elementor-element-26562897 elementor-section-full_width elementor-section-height-default elementor-section-height-default\" data-id=\"26562897\" data-element_type=\"section\" data-settings=\"{&quot;background_background&quot;:&quot;classic&quot;}\">\n\t\t\t\t\t\t<div class=\"elementor-container elementor-column-gap-default\">\n\t\t\t\t\t<div class=\"elementor-column elementor-col-100 elementor-top-column elementor-element elementor-element-60248900 elementor-invisible\" data-id=\"60248900\" data-element_type=\"column\" data-settings=\"{&quot;background_background&quot;:&quot;classic&quot;,&quot;animation&quot;:&quot;fadeInLeft&quot;}\">\n\t\t\t<div class=\"elementor-widget-wrap elementor-element-populated\">\n\t\t\t\t\t\t<section class=\"elementor-section elementor-inner-section elementor-element elementor-element-173b284d elementor-section-boxed elementor-section-height-default elementor-section-height-default\" data-id=\"173b284d\" data-element_type=\"section\">\n\t\t\t\t\t\t<div class=\"elementor-container elementor-column-gap-default\">\n\t\t\t\t\t<div class=\"elementor-column elementor-col-50 elementor-inner-column elementor-element elementor-element-70838833\" data-id=\"70838833\" data-element_type=\"column\" data-settings=\"{&quot;background_background&quot;:&quot;classic&quot;}\">\n\t\t\t<div class=\"elementor-widget-wrap elementor-element-populated\">\n\t\t\t\t\t\t\t<\/div>\n\t\t<\/div>\n\t\t\t\t<div class=\"elementor-column elementor-col-50 elementor-inner-column elementor-element elementor-element-4bb3a7c1\" data-id=\"4bb3a7c1\" data-element_type=\"column\" data-settings=\"{&quot;background_background&quot;:&quot;classic&quot;}\">\n\t\t\t<div class=\"elementor-widget-wrap elementor-element-populated\">\n\t\t\t\t\t\t<div class=\"elementor-element elementor-element-3db9a9c3 elementor-widget elementor-widget-heading\" data-id=\"3db9a9c3\" data-element_type=\"widget\" data-widget_type=\"heading.default\">\n\t\t\t\t<div class=\"elementor-widget-container\">\n\t\t\t\t\t<h2 class=\"elementor-heading-title elementor-size-default\">DECIDING WITH EASE<\/h2>\t\t\t\t<\/div>\n\t\t\t\t<\/div>\n\t\t\t\t<div class=\"elementor-element elementor-element-b4677cc elementor-widget-divider--view-line elementor-widget elementor-widget-divider\" data-id=\"b4677cc\" data-element_type=\"widget\" data-widget_type=\"divider.default\">\n\t\t\t\t<div class=\"elementor-widget-container\">\n\t\t\t\t\t\t\t<div class=\"elementor-divider\">\n\t\t\t<span class=\"elementor-divider-separator\">\n\t\t\t\t\t\t<\/span>\n\t\t<\/div>\n\t\t\t\t\t\t<\/div>\n\t\t\t\t<\/div>\n\t\t\t\t<div class=\"elementor-element elementor-element-5dc0cf58 elementor-widget elementor-widget-text-editor\" data-id=\"5dc0cf58\" data-element_type=\"widget\" data-widget_type=\"text-editor.default\">\n\t\t\t\t<div class=\"elementor-widget-container\">\n\t\t\t\t\t\t\t\t\t<p>Du kannst Dich nicht zwischen zwei oder mehr Optionen entscheiden? Dann lade Dir hier das Tool ENTSCHEIDEN MIT LEICHTIGKEIT f\u00fcr 0 \u20ac herunter.<\/p>\n<p>Die Schritt-f\u00fcr-Schritt-Anleitung f\u00fcr mehr Klarheit als Basis f\u00fcr Deine Entscheidungen!<\/p>\n<p><\/p>\t\t\t\t\t\t\t\t<\/div>\n\t\t\t\t<\/div>\n\t\t\t\t<div class=\"elementor-element elementor-element-f05e35d elementor-icon-list--layout-traditional elementor-list-item-link-full_width elementor-widget elementor-widget-icon-list\" data-id=\"f05e35d\" data-element_type=\"widget\" data-widget_type=\"icon-list.default\">\n\t\t\t\t<div class=\"elementor-widget-container\">\n\t\t\t\t\t\t\t<ul class=\"elementor-icon-list-items\">\n\t\t\t\t\t\t\t<li class=\"elementor-icon-list-item\">\n\t\t\t\t\t\t\t\t\t\t\t<span class=\"elementor-icon-list-icon\">\n\t\t\t\t\t\t\t<i aria-hidden=\"true\" class=\"fas fa-lemon\"><\/i>\t\t\t\t\t\t<\/span>\n\t\t\t\t\t\t\t\t\t\t<span class=\"elementor-icon-list-text\">Visualisiere Deine Gef\u00fchle<\/span>\n\t\t\t\t\t\t\t\t\t<\/li>\n\t\t\t\t\t\t\t\t<li class=\"elementor-icon-list-item\">\n\t\t\t\t\t\t\t\t\t\t\t<span class=\"elementor-icon-list-icon\">\n\t\t\t\t\t\t\t<i aria-hidden=\"true\" class=\"fas fa-lemon\"><\/i>\t\t\t\t\t\t<\/span>\n\t\t\t\t\t\t\t\t\t\t<span class=\"elementor-icon-list-text\">Gehe Deinen Gef\u00fchlen auf den Grund<\/span>\n\t\t\t\t\t\t\t\t\t<\/li>\n\t\t\t\t\t\t\t\t<li class=\"elementor-icon-list-item\">\n\t\t\t\t\t\t\t\t\t\t\t<span class=\"elementor-icon-list-icon\">\n\t\t\t\t\t\t\t<i aria-hidden=\"true\" class=\"fas fa-lemon\"><\/i>\t\t\t\t\t\t<\/span>\n\t\t\t\t\t\t\t\t\t\t<span class=\"elementor-icon-list-text\">Erlange Klarheit f\u00fcr kraftvollere Entscheidungen<\/span>\n\t\t\t\t\t\t\t\t\t<\/li>\n\t\t\t\t\t\t<\/ul>\n\t\t\t\t\t\t<\/div>\n\t\t\t\t<\/div>\n\t\t\t\t<div class=\"elementor-element elementor-element-4ead521 elementor-widget elementor-widget-spacer\" data-id=\"4ead521\" data-element_type=\"widget\" data-widget_type=\"spacer.default\">\n\t\t\t\t<div class=\"elementor-widget-container\">\n\t\t\t\t\t\t\t<div class=\"elementor-spacer\">\n\t\t\t<div class=\"elementor-spacer-inner\"><\/div>\n\t\t<\/div>\n\t\t\t\t\t\t<\/div>\n\t\t\t\t<\/div>\n\t\t\t\t<div class=\"elementor-element elementor-element-6a2c36e elementor-align-left elementor-widget elementor-widget-button\" data-id=\"6a2c36e\" data-element_type=\"widget\" data-widget_type=\"button.default\">\n\t\t\t\t<div class=\"elementor-widget-container\">\n\t\t\t\t\t\t\t\t\t<div class=\"elementor-button-wrapper\">\n\t\t\t\t\t<a class=\"elementor-button elementor-button-link elementor-size-sm elementor-animation-grow\" href=\"#elementor-action%3Aaction%3Dpopup%3Aopen%26settings%3DeyJpZCI6IjgyMCIsInRvZ2dsZSI6ZmFsc2V9\" target=\"_blank\">\n\t\t\t\t\t\t<span class=\"elementor-button-content-wrapper\">\n\t\t\t\t\t\t<span class=\"elementor-button-icon\">\n\t\t\t\t<i aria-hidden=\"true\" class=\"fas fa-angle-double-down\"><\/i>\t\t\t<\/span>\n\t\t\t\t\t\t\t\t\t<span class=\"elementor-button-text\">Download f\u00fcr 0 \u20ac<\/span>\n\t\t\t\t\t<\/span>\n\t\t\t\t\t<\/a>\n\t\t\t\t<\/div>\n\t\t\t\t\t\t\t\t<\/div>\n\t\t\t\t<\/div>\n\t\t\t\t\t<\/div>\n\t\t<\/div>\n\t\t\t\t\t<\/div>\n\t\t<\/section>\n\t\t\t\t<div class=\"elementor-element elementor-element-e8e43ed elementor-widget elementor-widget-spacer\" data-id=\"e8e43ed\" data-element_type=\"widget\" data-widget_type=\"spacer.default\">\n\t\t\t\t<div class=\"elementor-widget-container\">\n\t\t\t\t\t\t\t<div class=\"elementor-spacer\">\n\t\t\t<div class=\"elementor-spacer-inner\"><\/div>\n\t\t<\/div>\n\t\t\t\t\t\t<\/div>\n\t\t\t\t<\/div>\n\t\t\t\t\t<\/div>\n\t\t<\/div>\n\t\t\t\t\t<\/div>\n\t\t<\/section>\n\t\t\t\t<\/div>","protected":false},"excerpt":{"rendered":"<p>Tools f\u00fcr dich Downloads EntscheidEN MIT LEICHTIGKEIT Du kannst Dich nicht zwischen zwei oder mehr Optionen entscheiden? Dann lade Dir hier das Tool ENTSCHEIDEN MIT LEICHTIGKEIT f\u00fcr 0 \u20ac herunter. Die Schritt-f\u00fcr-Schritt-Anleitung f\u00fcr mehr Klarheit als Basis f\u00fcr Deine Entscheidungen! Visualisiere Deine Gef\u00fchle Gehe Deinen Gef\u00fchlen auf den Grund Erlange Klarheit f\u00fcr kraftvollere Entscheidungen Download [&hellip;]<\/p>","protected":false},"author":1,"featured_media":0,"parent":0,"menu_order":0,"comment_status":"closed","ping_status":"closed","template":"","meta":{"site-sidebar-layout":"no-sidebar","site-content-layout":"page-builder","ast-site-content-layout":"","site-content-style":"default","site-sidebar-style":"default","ast-global-header-display":"","ast-banner-title-visibility":"","ast-main-header-display":"","ast-hfb-above-header-display":"","ast-hfb-below-header-display":"","ast-hfb-mobile-header-display":"","site-post-title":"disabled","ast-breadcrumbs-content":"","ast-featured-img":"disabled","footer-sml-layout":"","theme-transparent-header-meta":"default","adv-header-id-meta":"","stick-header-meta":"","header-above-stick-meta":"","header-main-stick-meta":"","header-below-stick-meta":"","astra-migrate-meta-layouts":"default","ast-page-background-enabled":"default","ast-page-background-meta":{"desktop":{"background-color":"","background-image":"","background-repeat":"repeat","background-position":"center center","background-size":"auto","background-attachment":"scroll","background-type":"","background-media":"","overlay-type":"","overlay-color":"","overlay-opacity":"","overlay-gradient":""},"tablet":{"background-color":"","background-image":"","background-repeat":"repeat","background-position":"center center","background-size":"auto","background-attachment":"scroll","background-type":"","background-media":"","overlay-type":"","overlay-color":"","overlay-opacity":"","overlay-gradient":""},"mobile":{"background-color":"","background-image":"","background-repeat":"repeat","background-position":"center center","background-size":"auto","background-attachment":"scroll","background-type":"","background-media":"","overlay-type":"","overlay-color":"","overlay-opacity":"","overlay-gradient":""}},"ast-content-background-meta":{"desktop":{"background-color":"var(--ast-global-color-5)","background-image":"","background-repeat":"repeat","background-position":"center center","background-size":"auto","background-attachment":"scroll","background-type":"","background-media":"","overlay-type":"","overlay-color":"","overlay-opacity":"","overlay-gradient":""},"tablet":{"background-color":"var(--ast-global-color-5)","background-image":"","background-repeat":"repeat","background-position":"center center","background-size":"auto","background-attachment":"scroll","background-type":"","background-media":"","overlay-type":"","overlay-color":"","overlay-opacity":"","overlay-gradient":""},"mobile":{"background-color":"var(--ast-global-color-5)","background-image":"","background-repeat":"repeat","background-position":"center center","background-size":"auto","background-attachment":"scroll","background-type":"","background-media":"","overlay-type":"","overlay-color":"","overlay-opacity":"","overlay-gradient":""}},"footnotes":""},"class_list":["post-319","page","type-page","status-publish","hentry"],"yoast_head":"<!-- This site is optimized with the Yoast SEO plugin v24.9 - https:\/\/yoast.com\/wordpress\/plugins\/seo\/ -->\n<title>Tools f\u00fcr Dich - Was willst Du wirklich, wirklich?<\/title>\n<meta name=\"description\" content=\"Du kannst Dich nicht entscheiden? Das kostenlose Tool ENTSCHEIDEN MIT LEICHTIGKEIT ist Deine Schritt-f\u00fcr-Schritt-Anleitung f\u00fcr mehr Klarheit bei Deinen Entscheidungen!\" \/>\n<meta name=\"robots\" content=\"index, follow, max-snippet:-1, max-image-preview:large, max-video-preview:-1\" \/>\n<link rel=\"canonical\" href=\"https:\/\/luisabergholz.com\/en\/tools-fuer-dich\/\" \/>\n<meta property=\"og:locale\" content=\"en_GB\" \/>\n<meta property=\"og:type\" content=\"article\" \/>\n<meta property=\"og:title\" content=\"Tools f\u00fcr Dich - Was willst Du wirklich, wirklich?\" \/>\n<meta property=\"og:description\" content=\"Du kannst Dich nicht entscheiden? Das kostenlose Tool ENTSCHEIDEN MIT LEICHTIGKEIT ist Deine Schritt-f\u00fcr-Schritt-Anleitung f\u00fcr mehr Klarheit bei Deinen Entscheidungen!\" \/>\n<meta property=\"og:url\" content=\"https:\/\/luisabergholz.com\/en\/tools-fuer-dich\/\" \/>\n<meta property=\"og:site_name\" content=\"Was willst Du wirklich, wirklich?\" \/>\n<meta property=\"article:modified_time\" content=\"2022-07-15T12:52:50+00:00\" \/>\n<meta name=\"twitter:card\" content=\"summary_large_image\" \/>\n<meta name=\"twitter:label1\" content=\"Estimated reading time\" \/>\n\t<meta name=\"twitter:data1\" content=\"1 minute\" \/>\n<script type=\"application\/ld+json\" class=\"yoast-schema-graph\">{\"@context\":\"https:\/\/schema.org\",\"@graph\":[{\"@type\":\"WebPage\",\"@id\":\"https:\/\/luisabergholz.com\/tools-fuer-dich\",\"url\":\"https:\/\/luisabergholz.com\/tools-fuer-dich\",\"name\":\"Tools f\u00fcr Dich - Was willst Du wirklich, wirklich?\",\"isPartOf\":{\"@id\":\"https:\/\/luisabergholz.com\/#website\"},\"datePublished\":\"2020-06-04T11:59:57+00:00\",\"dateModified\":\"2022-07-15T12:52:50+00:00\",\"description\":\"Du kannst Dich nicht entscheiden? Das kostenlose Tool ENTSCHEIDEN MIT LEICHTIGKEIT ist Deine Schritt-f\u00fcr-Schritt-Anleitung f\u00fcr mehr Klarheit bei Deinen Entscheidungen!\",\"breadcrumb\":{\"@id\":\"https:\/\/luisabergholz.com\/tools-fuer-dich#breadcrumb\"},\"inLanguage\":\"en-GB\",\"potentialAction\":[{\"@type\":\"ReadAction\",\"target\":[\"https:\/\/luisabergholz.com\/tools-fuer-dich\"]}]},{\"@type\":\"BreadcrumbList\",\"@id\":\"https:\/\/luisabergholz.com\/tools-fuer-dich#breadcrumb\",\"itemListElement\":[{\"@type\":\"ListItem\",\"position\":1,\"name\":\"Startseite\",\"item\":\"https:\/\/luisabergholz.com\/\"},{\"@type\":\"ListItem\",\"position\":2,\"name\":\"Tools f\u00fcr Dich\"}]},{\"@type\":\"WebSite\",\"@id\":\"https:\/\/luisabergholz.com\/#website\",\"url\":\"https:\/\/luisabergholz.com\/\",\"name\":\"Was willst Du wirklich, wirklich?\",\"description\":\"Life &amp; Business Coaching | Neues Arbeiten\",\"publisher\":{\"@id\":\"https:\/\/luisabergholz.com\/#organization\"},\"potentialAction\":[{\"@type\":\"SearchAction\",\"target\":{\"@type\":\"EntryPoint\",\"urlTemplate\":\"https:\/\/luisabergholz.com\/?s={search_term_string}\"},\"query-input\":{\"@type\":\"PropertyValueSpecification\",\"valueRequired\":true,\"valueName\":\"search_term_string\"}}],\"inLanguage\":\"en-GB\"},{\"@type\":\"Organization\",\"@id\":\"https:\/\/luisabergholz.com\/#organization\",\"name\":\"Was willst Du wirklich, wirklich?\",\"url\":\"https:\/\/luisabergholz.com\/\",\"logo\":{\"@type\":\"ImageObject\",\"inLanguage\":\"en-GB\",\"@id\":\"https:\/\/luisabergholz.com\/#\/schema\/logo\/image\/\",\"url\":\"https:\/\/luisabergholz.com\/wp-content\/uploads\/2020\/05\/Logo_final_web.png\",\"contentUrl\":\"https:\/\/luisabergholz.com\/wp-content\/uploads\/2020\/05\/Logo_final_web.png\",\"width\":500,\"height\":472,\"caption\":\"Was willst Du wirklich, wirklich?\"},\"image\":{\"@id\":\"https:\/\/luisabergholz.com\/#\/schema\/logo\/image\/\"}}]}<\/script>\n<!-- \/ Yoast SEO plugin. -->","yoast_head_json":{"title":"Tools f\u00fcr Dich - Was willst Du wirklich, wirklich?","description":"Du kannst Dich nicht entscheiden? Das kostenlose Tool ENTSCHEIDEN MIT LEICHTIGKEIT ist Deine Schritt-f\u00fcr-Schritt-Anleitung f\u00fcr mehr Klarheit bei Deinen Entscheidungen!","robots":{"index":"index","follow":"follow","max-snippet":"max-snippet:-1","max-image-preview":"max-image-preview:large","max-video-preview":"max-video-preview:-1"},"canonical":"https:\/\/luisabergholz.com\/en\/tools-fuer-dich\/","og_locale":"en_GB","og_type":"article","og_title":"Tools f\u00fcr Dich - Was willst Du wirklich, wirklich?","og_description":"Du kannst Dich nicht entscheiden? Das kostenlose Tool ENTSCHEIDEN MIT LEICHTIGKEIT ist Deine Schritt-f\u00fcr-Schritt-Anleitung f\u00fcr mehr Klarheit bei Deinen Entscheidungen!","og_url":"https:\/\/luisabergholz.com\/en\/tools-fuer-dich\/","og_site_name":"Was willst Du wirklich, wirklich?","article_modified_time":"2022-07-15T12:52:50+00:00","twitter_card":"summary_large_image","twitter_misc":{"Estimated reading time":"1 minute"},"schema":{"@context":"https:\/\/schema.org","@graph":[{"@type":"WebPage","@id":"https:\/\/luisabergholz.com\/tools-fuer-dich","url":"https:\/\/luisabergholz.com\/tools-fuer-dich","name":"Tools f\u00fcr Dich - Was willst Du wirklich, wirklich?","isPartOf":{"@id":"https:\/\/luisabergholz.com\/#website"},"datePublished":"2020-06-04T11:59:57+00:00","dateModified":"2022-07-15T12:52:50+00:00","description":"Du kannst Dich nicht entscheiden? Das kostenlose Tool ENTSCHEIDEN MIT LEICHTIGKEIT ist Deine Schritt-f\u00fcr-Schritt-Anleitung f\u00fcr mehr Klarheit bei Deinen Entscheidungen!","breadcrumb":{"@id":"https:\/\/luisabergholz.com\/tools-fuer-dich#breadcrumb"},"inLanguage":"en-GB","potentialAction":[{"@type":"ReadAction","target":["https:\/\/luisabergholz.com\/tools-fuer-dich"]}]},{"@type":"BreadcrumbList","@id":"https:\/\/luisabergholz.com\/tools-fuer-dich#breadcrumb","itemListElement":[{"@type":"ListItem","position":1,"name":"Startseite","item":"https:\/\/luisabergholz.com\/"},{"@type":"ListItem","position":2,"name":"Tools f\u00fcr Dich"}]},{"@type":"WebSite","@id":"https:\/\/luisabergholz.com\/#website","url":"https:\/\/luisabergholz.com\/","name":"Was willst Du wirklich, wirklich?","description":"Life &amp; Business Coaching | Neues Arbeiten","publisher":{"@id":"https:\/\/luisabergholz.com\/#organization"},"potentialAction":[{"@type":"SearchAction","target":{"@type":"EntryPoint","urlTemplate":"https:\/\/luisabergholz.com\/?s={search_term_string}"},"query-input":{"@type":"PropertyValueSpecification","valueRequired":true,"valueName":"search_term_string"}}],"inLanguage":"en-GB"},{"@type":"Organization","@id":"https:\/\/luisabergholz.com\/#organization","name":"Was willst Du wirklich, wirklich?","url":"https:\/\/luisabergholz.com\/","logo":{"@type":"ImageObject","inLanguage":"en-GB","@id":"https:\/\/luisabergholz.com\/#\/schema\/logo\/image\/","url":"https:\/\/luisabergholz.com\/wp-content\/uploads\/2020\/05\/Logo_final_web.png","contentUrl":"https:\/\/luisabergholz.com\/wp-content\/uploads\/2020\/05\/Logo_final_web.png","width":500,"height":472,"caption":"Was willst Du wirklich, wirklich?"},"image":{"@id":"https:\/\/luisabergholz.com\/#\/schema\/logo\/image\/"}}]}},"_links":{"self":[{"href":"https:\/\/luisabergholz.com\/en\/wp-json\/wp\/v2\/pages\/319","targetHints":{"allow":["GET"]}}],"collection":[{"href":"https:\/\/luisabergholz.com\/en\/wp-json\/wp\/v2\/pages"}],"about":[{"href":"https:\/\/luisabergholz.com\/en\/wp-json\/wp\/v2\/types\/page"}],"author":[{"embeddable":true,"href":"https:\/\/luisabergholz.com\/en\/wp-json\/wp\/v2\/users\/1"}],"replies":[{"embeddable":true,"href":"https:\/\/luisabergholz.com\/en\/wp-json\/wp\/v2\/comments?post=319"}],"version-history":[{"count":34,"href":"https:\/\/luisabergholz.com\/en\/wp-json\/wp\/v2\/pages\/319\/revisions"}],"predecessor-version":[{"id":5570,"href":"https:\/\/luisabergholz.com\/en\/wp-json\/wp\/v2\/pages\/319\/revisions\/5570"}],"wp:attachment":[{"href":"https:\/\/luisabergholz.com\/en\/wp-json\/wp\/v2\/media?parent=319"}],"curies":[{"name":"wp","href":"https:\/\/api.w.org\/{rel}","templated":true}]}}